{"id":4662,"date":"2023-02-21T13:11:40","date_gmt":"2023-02-21T18:11:40","guid":{"rendered":"https:\/\/www.polskaszkolanj.com\/?page_id=4662"},"modified":"2025-08-25T10:07:58","modified_gmt":"2025-08-25T14:07:58","slug":"religia-w-szkole","status":"publish","type":"page","link":"https:\/\/www.polskaszkolanj.com\/en\/religia-w-szkole\/","title":{"rendered":"Religia w Szkole"},"content":{"rendered":"<\/p>\n<!-- \/wp:post-content -->\n\n<!-- wp:paragraph -->\n<p><strong>Religious Education at the Polish School of John Paul II in Montville, NJ<\/strong><\/p>\n<!-- \/wp:paragraph -->\n\n<!-- wp:paragraph -->\n<p>Religious education teachers: Mrs. Marta Anikiej, Mrs. Dorota Kudro\u0144, Mrs. Bogus\u0142awa Maci\u0105g.<\/p>\n<!-- \/wp:paragraph -->\n\n<!-- wp:paragraph -->\n<p>The fee for religious education is included in the school tuition.<\/p>\n<!-- \/wp:paragraph -->\n\n<!-- wp:paragraph -->\n<p>Religion is one of the subjects taught at the Polish School and is held every Saturday or every other Saturday for students in grades 1\u20139.<\/p>\n<!-- \/wp:paragraph -->\n\n<!-- wp:paragraph -->\n<p>Students receive their First Holy Communion in third grade and the Sacrament of Confirmation in ninth grade.<\/p>\n<!-- \/wp:paragraph -->\n\n<!-- wp:image {\"id\":4789,\"width\":\"512px\",\"height\":\"384px\",\"sizeSlug\":\"large\",\"linkDestination\":\"none\",\"align\":\"center\"} -->\n<figure class=\"wp-block-image aligncenter size-large is-resized\"><img loading=\"lazy\" decoding=\"async\" width=\"1024\" height=\"768\" src=\"http:\/\/www.polskaszkolanj.com\/wp-content\/uploads\/2023\/02\/ps2-3-1024x768.jpg\" alt=\"\" class=\"wp-image-4789\" style=\"width:512px;height:384px\" srcset=\"https:\/\/www.polskaszkolanj.com\/wp-content\/uploads\/2023\/02\/ps2-3-1024x768.jpg 1024w, https:\/\/www.polskaszkolanj.com\/wp-content\/uploads\/2023\/02\/ps2-3-300x225.jpg 300w, https:\/\/www.polskaszkolanj.com\/wp-content\/uploads\/2023\/02\/ps2-3-1536x1152.jpg 1536w, https:\/\/www.polskaszkolanj.com\/wp-content\/uploads\/2023\/02\/ps2-3-440x330.jpg 440w, https:\/\/www.polskaszkolanj.com\/wp-content\/uploads\/2023\/02\/ps2-3-920x690.jpg 920w, https:\/\/www.polskaszkolanj.com\/wp-content\/uploads\/2023\/02\/ps2-3.jpg 2048w\" sizes=\"auto, (max-width: 1024px) 100vw, 1024px\" \/><\/figure>\n<!-- \/wp:image -->\n\n<!-- wp:paragraph -->\n<p>","protected":false},"excerpt":{"rendered":"<p>Religious Education at the Polish School of John Paul II in Montville, NJ Religious education teachers: Mrs. Marta Anikiej, Mrs.<\/p>\n<p><a href=\"https:\/\/www.polskaszkolanj.com\/en\/religia-w-szkole\/\" class=\"more-link\">Continue reading&#8230;<span class=\"screen-reader-text\">Religia w Szkole<\/span><\/a><\/p>\n","protected":false},"author":1,"featured_media":0,"parent":0,"menu_order":0,"comment_status":"closed","ping_status":"closed","template":"","meta":{"_crdt_document":"","_eb_attr":"","_monsterinsights_skip_tracking":false,"_monsterinsights_sitenote_active":false,"_monsterinsights_sitenote_note":"","_monsterinsights_sitenote_category":0,"footnotes":"","_links_to":"","_links_to_target":""},"class_list":["post-4662","page","type-page","status-publish","hentry"],"translation":{"provider":"WPGlobus","version":"3.0.2","language":"en","enabled_languages":["pl","en"],"languages":{"pl":{"title":true,"content":true,"excerpt":false},"en":{"title":false,"content":true,"excerpt":false}}},"_links":{"self":[{"href":"https:\/\/www.polskaszkolanj.com\/en\/wp-json\/wp\/v2\/pages\/4662","targetHints":{"allow":["GET"]}}],"collection":[{"href":"https:\/\/www.polskaszkolanj.com\/en\/wp-json\/wp\/v2\/pages"}],"about":[{"href":"https:\/\/www.polskaszkolanj.com\/en\/wp-json\/wp\/v2\/types\/page"}],"author":[{"embeddable":true,"href":"https:\/\/www.polskaszkolanj.com\/en\/wp-json\/wp\/v2\/users\/1"}],"replies":[{"embeddable":true,"href":"https:\/\/www.polskaszkolanj.com\/en\/wp-json\/wp\/v2\/comments?post=4662"}],"version-history":[{"count":7,"href":"https:\/\/www.polskaszkolanj.com\/en\/wp-json\/wp\/v2\/pages\/4662\/revisions"}],"predecessor-version":[{"id":6438,"href":"https:\/\/www.polskaszkolanj.com\/en\/wp-json\/wp\/v2\/pages\/4662\/revisions\/6438"}],"wp:attachment":[{"href":"https:\/\/www.polskaszkolanj.com\/en\/wp-json\/wp\/v2\/media?parent=4662"}],"curies":[{"name":"wp","href":"https:\/\/api.w.org\/{rel}","templated":true}]}}