{"id":4324,"date":"2021-10-23T21:25:59","date_gmt":"2021-10-24T01:25:59","guid":{"rendered":"https:\/\/www.polskaszkolanj.com\/?page_id=4324"},"modified":"2026-01-21T21:45:56","modified_gmt":"2026-01-22T02:45:56","slug":"rada-szkolna","status":"publish","type":"page","link":"https:\/\/www.polskaszkolanj.com\/en\/rada-szkolna\/","title":{"rendered":"SCHOOL BOARD"},"content":{"rendered":"<\/p>\n<!-- \/wp:post-content -->\n\n<!-- wp:heading -->\n<h2 class=\"wp-block-heading\">School Board<\/h2>\n<!-- \/wp:heading -->\n\n<!-- wp:paragraph -->\n<p>President: Renata G\u0119dzior<br \/>Principal: Katarzyna Nawrocka<br \/>Treasurer: J\u00f3zef Mastej<br \/>Board Members: Joanna Kuja\u0142owicz, Agnieszka Koprowski, Tomasz Capa\u0142a, Kathy Dane, Krystyna Lis, Micha\u0142 Kaczor, Mariusz Lubas, Bogdan My\u015bliwiec, Anna Temporale, Danuta Kurowska, Piotr G\u0105sienica<\/p>\n<!-- \/wp:paragraph -->\n\n<!-- wp:paragraph -->\n<p>","protected":false},"excerpt":{"rendered":"<p>School Board President: Renata G\u0119dziorPrincipal: Katarzyna NawrockaTreasurer: J\u00f3zef MastejBoard Members: Joanna Kuja\u0142owicz, Agnieszka Koprowski, Tomasz Capa\u0142a, Kathy Dane, Krystyna Lis,<\/p>\n<p><a href=\"https:\/\/www.polskaszkolanj.com\/en\/rada-szkolna\/\" class=\"more-link\">Continue reading&#8230;<span class=\"screen-reader-text\">SCHOOL BOARD<\/span><\/a><\/p>\n","protected":false},"author":1,"featured_media":0,"parent":0,"menu_order":5,"comment_status":"closed","ping_status":"closed","template":"","meta":{"_crdt_document":"","_eb_attr":"","_monsterinsights_skip_tracking":false,"_monsterinsights_sitenote_active":false,"_monsterinsights_sitenote_note":"","_monsterinsights_sitenote_category":0,"footnotes":"","_links_to":"","_links_to_target":""},"class_list":["post-4324","page","type-page","status-publish","hentry"],"translation":{"provider":"WPGlobus","version":"3.0.2","language":"en","enabled_languages":["pl","en"],"languages":{"pl":{"title":true,"content":true,"excerpt":false},"en":{"title":true,"content":true,"excerpt":false}}},"_links":{"self":[{"href":"https:\/\/www.polskaszkolanj.com\/en\/wp-json\/wp\/v2\/pages\/4324","targetHints":{"allow":["GET"]}}],"collection":[{"href":"https:\/\/www.polskaszkolanj.com\/en\/wp-json\/wp\/v2\/pages"}],"about":[{"href":"https:\/\/www.polskaszkolanj.com\/en\/wp-json\/wp\/v2\/types\/page"}],"author":[{"embeddable":true,"href":"https:\/\/www.polskaszkolanj.com\/en\/wp-json\/wp\/v2\/users\/1"}],"replies":[{"embeddable":true,"href":"https:\/\/www.polskaszkolanj.com\/en\/wp-json\/wp\/v2\/comments?post=4324"}],"version-history":[{"count":15,"href":"https:\/\/www.polskaszkolanj.com\/en\/wp-json\/wp\/v2\/pages\/4324\/revisions"}],"predecessor-version":[{"id":6627,"href":"https:\/\/www.polskaszkolanj.com\/en\/wp-json\/wp\/v2\/pages\/4324\/revisions\/6627"}],"wp:attachment":[{"href":"https:\/\/www.polskaszkolanj.com\/en\/wp-json\/wp\/v2\/media?parent=4324"}],"curies":[{"name":"wp","href":"https:\/\/api.w.org\/{rel}","templated":true}]}}